{"id":1335,"date":"2024-06-18T09:33:48","date_gmt":"2024-06-18T07:33:48","guid":{"rendered":"https:\/\/art-rychwalska.pl\/?page_id=1335"},"modified":"2024-06-18T09:38:31","modified_gmt":"2024-06-18T07:38:31","slug":"sklep","status":"publish","type":"page","link":"https:\/\/art-rychwalska.pl\/?page_id=1335","title":{"rendered":"Sklep"},"content":{"rendered":"\n<p>Szanowni Pa\u0144stwo, istnieje mo\u017cliwo\u015b\u0107 wydruku reprodukcji obraz\u00f3w umieszczonych<\/p>\n\n\n\n<p> na stronie <a href=\"http:\/\/www.art-rychwalska.pl\/\" target=\"_blank\" rel=\"noreferrer noopener\">www.art-rychwalska.pl<\/a>\u00a0<\/p>\n\n\n\n<p>Przechodz\u0105c na stron\u0119 <a href=\"https:\/\/donumartis.pl\/kontakt\/\" target=\"_blank\" rel=\"noreferrer noopener\">https:\/\/donumartis.pl\/kontakt\/<\/a> prosz\u0119 w tre\u015bci wiadomo\u015bci<\/p>\n\n\n\n<p> do Sprzedaj\u0105cego poda\u0107 imi\u0119 i nazwisko artystki, numer obrazu oraz proponowane wymiary.<\/p>\n","protected":false},"excerpt":{"rendered":"<p>Szanowni Pa\u0144stwo, istnieje mo\u017cliwo\u015b\u0107 wydruku reprodukcji obraz\u00f3w umieszczonych na stronie www.art-rychwalska.pl\u00a0 Przechodz\u0105c na stron\u0119 https:\/\/donumartis.pl\/kontakt\/ prosz\u0119 w tre\u015bci wiadomo\u015bci do Sprzedaj\u0105cego poda\u0107 imi\u0119 i nazwisko artystki, numer obrazu oraz proponowane wymiary.<\/p>\n","protected":false},"author":1,"featured_media":0,"parent":0,"menu_order":0,"comment_status":"closed","ping_status":"closed","template":"","meta":{"footnotes":""},"class_list":["post-1335","page","type-page","status-publish","hentry"],"_links":{"self":[{"href":"https:\/\/art-rychwalska.pl\/index.php?rest_route=\/wp\/v2\/pages\/1335","targetHints":{"allow":["GET"]}}],"collection":[{"href":"https:\/\/art-rychwalska.pl\/index.php?rest_route=\/wp\/v2\/pages"}],"about":[{"href":"https:\/\/art-rychwalska.pl\/index.php?rest_route=\/wp\/v2\/types\/page"}],"author":[{"embeddable":true,"href":"https:\/\/art-rychwalska.pl\/index.php?rest_route=\/wp\/v2\/users\/1"}],"replies":[{"embeddable":true,"href":"https:\/\/art-rychwalska.pl\/index.php?rest_route=%2Fwp%2Fv2%2Fcomments&post=1335"}],"version-history":[{"count":2,"href":"https:\/\/art-rychwalska.pl\/index.php?rest_route=\/wp\/v2\/pages\/1335\/revisions"}],"predecessor-version":[{"id":1340,"href":"https:\/\/art-rychwalska.pl\/index.php?rest_route=\/wp\/v2\/pages\/1335\/revisions\/1340"}],"wp:attachment":[{"href":"https:\/\/art-rychwalska.pl\/index.php?rest_route=%2Fwp%2Fv2%2Fmedia&parent=1335"}],"curies":[{"name":"wp","href":"https:\/\/api.w.org\/{rel}","templated":true}]}}